{"id":1147,"date":"2025-05-17T04:29:52","date_gmt":"2025-05-17T04:29:52","guid":{"rendered":"https:\/\/workspace.karakas.digital\/alcads\/index.php\/about\/"},"modified":"2025-06-10T18:38:58","modified_gmt":"2025-06-10T15:38:58","slug":"hakkimizda","status":"publish","type":"page","link":"https:\/\/www.meikon.com.tr\/arcadia\/hakkimizda\/","title":{"rendered":"Hakk\u0131m\u0131zda"},"content":{"rendered":"\t\t<div data-elementor-type=\"wp-page\" data-elementor-id=\"1147\" class=\"elementor elementor-1147\">\n\t\t\t\t<div class=\"elementor-element elementor-element-53f9dad e-con-full e-flex e-con e-parent\" data-id=\"53f9dad\" data-element_type=\"container\" data-e-type=\"container\">\n\t\t<div class=\"elementor-element elementor-element-b615b44 e-flex e-con-boxed e-con e-child\" data-id=\"b615b44\" data-element_type=\"container\" data-e-type=\"container\" data-settings=\"{&quot;background_background&quot;:&quot;classic&quot;}\">\n\t\t\t\t\t<div class=\"e-con-inner\">\n\t\t\t\t<div class=\"elementor-element elementor-element-843072c elementor-widget elementor-widget-heading\" data-id=\"843072c\" data-element_type=\"widget\" data-e-type=\"widget\" data-widget_type=\"heading.default\">\n\t\t\t\t<div class=\"elementor-widget-container\">\n\t\t\t\t\t<h4 class=\"elementor-heading-title elementor-size-default\">Hakk\u0131m\u0131zda<\/h4>\t\t\t\t<\/div>\n\t\t\t\t<\/div>\n\t\t\t\t<div class=\"elementor-element elementor-element-5a1b32d elementor-widget elementor-widget-heading\" data-id=\"5a1b32d\" data-element_type=\"widget\" data-e-type=\"widget\" data-widget_type=\"heading.default\">\n\t\t\t\t<div class=\"elementor-widget-container\">\n\t\t\t\t\t<h1 class=\"elementor-heading-title elementor-size-default\">Biz Kimiz?<\/h1>\t\t\t\t<\/div>\n\t\t\t\t<\/div>\n\t\t\t\t\t<\/div>\n\t\t\t\t<\/div>\n\t\t\t\t<\/div>\n\t\t<div class=\"elementor-element elementor-element-c4349cc e-con-full e-flex e-con e-parent\" data-id=\"c4349cc\" data-element_type=\"container\" data-e-type=\"container\">\n\t\t<div class=\"elementor-element elementor-element-e323b55 e-flex e-con-boxed e-con e-child\" data-id=\"e323b55\" data-element_type=\"container\" data-e-type=\"container\" data-settings=\"{&quot;background_background&quot;:&quot;classic&quot;}\">\n\t\t\t\t\t<div class=\"e-con-inner\">\n\t\t<div class=\"elementor-element elementor-element-06f06c4 e-con-full e-flex e-con e-child\" data-id=\"06f06c4\" data-element_type=\"container\" data-e-type=\"container\">\n\t\t\t\t<div class=\"elementor-element elementor-element-4e8f4f5 elementor-widget elementor-widget-image\" data-id=\"4e8f4f5\" data-element_type=\"widget\" data-e-type=\"widget\" data-widget_type=\"image.default\">\n\t\t\t\t<div class=\"elementor-widget-container\">\n\t\t\t\t\t\t\t\t\t\t\t\t\t\t\t<img fetchpriority=\"high\" decoding=\"async\" width=\"1024\" height=\"576\" src=\"https:\/\/www.meikon.com.tr\/arcadia\/wp-content\/uploads\/2025\/05\/lisans1-1024x576.jpg\" class=\"attachment-large size-large wp-image-1201\" alt=\"\" srcset=\"https:\/\/www.meikon.com.tr\/arcadia\/wp-content\/uploads\/2025\/05\/lisans1-1024x576.jpg 1024w, https:\/\/www.meikon.com.tr\/arcadia\/wp-content\/uploads\/2025\/05\/lisans1-300x169.jpg 300w, https:\/\/www.meikon.com.tr\/arcadia\/wp-content\/uploads\/2025\/05\/lisans1-768x432.jpg 768w, https:\/\/www.meikon.com.tr\/arcadia\/wp-content\/uploads\/2025\/05\/lisans1-1536x864.jpg 1536w, https:\/\/www.meikon.com.tr\/arcadia\/wp-content\/uploads\/2025\/05\/lisans1.jpg 1920w\" sizes=\"(max-width: 1024px) 100vw, 1024px\" \/>\t\t\t\t\t\t\t\t\t\t\t\t\t\t\t<\/div>\n\t\t\t\t<\/div>\n\t\t\t\t<\/div>\n\t\t<div class=\"elementor-element elementor-element-697b924 e-con-full e-flex e-con e-child\" data-id=\"697b924\" data-element_type=\"container\" data-e-type=\"container\">\n\t\t\t\t<div class=\"elementor-element elementor-element-055eb04 elementor-widget elementor-widget-heading\" data-id=\"055eb04\" data-element_type=\"widget\" data-e-type=\"widget\" data-widget_type=\"heading.default\">\n\t\t\t\t<div class=\"elementor-widget-container\">\n\t\t\t\t\t<h2 class=\"elementor-heading-title elementor-size-default\">Hakk\u0131m\u0131zda<\/h2>\t\t\t\t<\/div>\n\t\t\t\t<\/div>\n\t\t\t\t<div class=\"elementor-element elementor-element-f172cfc elementor-widget-divider--view-line elementor-widget elementor-widget-divider\" data-id=\"f172cfc\" data-element_type=\"widget\" data-e-type=\"widget\" data-widget_type=\"divider.default\">\n\t\t\t\t<div class=\"elementor-widget-container\">\n\t\t\t\t\t\t\t<div class=\"elementor-divider\">\n\t\t\t<span class=\"elementor-divider-separator\">\n\t\t\t\t\t\t<\/span>\n\t\t<\/div>\n\t\t\t\t\t\t<\/div>\n\t\t\t\t<\/div>\n\t\t\t\t<div class=\"elementor-element elementor-element-06d929c elementor-widget elementor-widget-heading\" data-id=\"06d929c\" data-element_type=\"widget\" data-e-type=\"widget\" data-widget_type=\"heading.default\">\n\t\t\t\t<div class=\"elementor-widget-container\">\n\t\t\t\t\t<p class=\"elementor-heading-title elementor-size-default\">Vizyonumuz, tasar\u0131m ve m\u00fchendislik s\u00fcre\u00e7lerinizi daha verimli, daha h\u0131zl\u0131 ve daha ekonomik hale getirmektir. Bu do\u011frultuda, d\u00fcnya genelinde kendini kan\u0131tlam\u0131\u015f ve geni\u015f bir kullan\u0131c\u0131 kitlesine sahip IntelliCAD tabanl\u0131 yaz\u0131l\u0131mlar\u0131 T\u00fcrkiye pazar\u0131na sunuyoruz. IntelliCAD'in g\u00fcc\u00fcn\u00fc ve esnekli\u011fini, yerel pazar\u0131n dinamikleriyle birle\u015ftirerek, mimariden m\u00fchendisli\u011fe, e\u011fitimden \u00fcretime kadar geni\u015f bir yelpazedeki sekt\u00f6rlere hitap eden \u00e7\u00f6z\u00fcmler \u00fcretiyoruz.\n<br><br>\nM\u00fc\u015fterilerimizin AutoCAD ile tam uyumlu, kullan\u0131m\u0131 kolay ve uygun maliyetli bir CAD platformuna eri\u015fmelerini sa\u011flamak en b\u00fcy\u00fck \u00f6nceli\u011fimizdir. Sundu\u011fumuz IntelliCAD \u00e7\u00f6z\u00fcmleri ile, mevcut DWG dosyalar\u0131n\u0131zla sorunsuz \u00e7al\u0131\u015fabilir, g\u00fc\u00e7l\u00fc 2D ve 3D tasar\u0131m yeteneklerinden faydalanabilir ve i\u015f ak\u0131\u015f\u0131n\u0131z\u0131 \u00f6zelle\u015ftirme esnekli\u011fine sahip olabilirsiniz.<\/p>\t\t\t\t<\/div>\n\t\t\t\t<\/div>\n\t\t\t\t<\/div>\n\t\t\t\t\t<\/div>\n\t\t\t\t<\/div>\n\t\t\t\t<\/div>\n\t\t\t\t<\/div>\n\t\t","protected":false},"excerpt":{"rendered":"<p>Hakk\u0131m\u0131zda Biz Kimiz? Hakk\u0131m\u0131zda Vizyonumuz, tasar\u0131m ve m\u00fchendislik s\u00fcre\u00e7lerinizi daha verimli, daha h\u0131zl\u0131 ve daha ekonomik hale getirmektir. Bu do\u011frultuda, d\u00fcnya genelinde kendini kan\u0131tlam\u0131\u015f ve geni\u015f bir kullan\u0131c\u0131 kitlesine sahip IntelliCAD tabanl\u0131 yaz\u0131l\u0131mlar\u0131 T\u00fcrkiye pazar\u0131na sunuyoruz. IntelliCAD&#8217;in g\u00fcc\u00fcn\u00fc ve esnekli\u011fini, yerel pazar\u0131n dinamikleriyle birle\u015ftirerek, mimariden m\u00fchendisli\u011fe, e\u011fitimden \u00fcretime kadar geni\u015f bir yelpazedeki sekt\u00f6rlere hitap eden [&hellip;]<\/p>\n","protected":false},"author":1,"featured_media":0,"parent":0,"menu_order":0,"comment_status":"closed","ping_status":"closed","template":"","meta":{"site-sidebar-layout":"no-sidebar","site-content-layout":"page-builder","ast-site-content-layout":"full-width-container","site-content-style":"unboxed","site-sidebar-style":"unboxed","ast-global-header-display":"","ast-banner-title-visibility":"disabled","ast-main-header-display":"","ast-hfb-above-header-display":"","ast-hfb-below-header-display":"","ast-hfb-mobile-header-display":"","site-post-title":"disabled","ast-breadcrumbs-content":"","ast-featured-img":"disabled","footer-sml-layout":"","ast-disable-related-posts":"","theme-transparent-header-meta":"enabled","adv-header-id-meta":"","stick-header-meta":"","header-above-stick-meta":"","header-main-stick-meta":"","header-below-stick-meta":"","astra-migrate-meta-layouts":"set","ast-page-background-enabled":"default","ast-page-background-meta":{"desktop":{"background-color":"var(--ast-global-color-4)","background-image":"","background-repeat":"repeat","background-position":"center center","background-size":"auto","background-attachment":"scroll","background-type":"","background-media":"","overlay-type":"","overlay-color":"","overlay-opacity":"","overlay-gradient":""},"tablet":{"background-color":"","background-image":"","background-repeat":"repeat","background-position":"center center","background-size":"auto","background-attachment":"scroll","background-type":"","background-media":"","overlay-type":"","overlay-color":"","overlay-opacity":"","overlay-gradient":""},"mobile":{"background-color":"","background-image":"","background-repeat":"repeat","background-position":"center center","background-size":"auto","background-attachment":"scroll","background-type":"","background-media":"","overlay-type":"","overlay-color":"","overlay-opacity":"","overlay-gradient":""}},"ast-content-background-meta":{"desktop":{"background-color":"var(--ast-global-color-5)","background-image":"","background-repeat":"repeat","background-position":"center center","background-size":"auto","background-attachment":"scroll","background-type":"","background-media":"","overlay-type":"","overlay-color":"","overlay-opacity":"","overlay-gradient":""},"tablet":{"background-color":"var(--ast-global-color-5)","background-image":"","background-repeat":"repeat","background-position":"center center","background-size":"auto","background-attachment":"scroll","background-type":"","background-media":"","overlay-type":"","overlay-color":"","overlay-opacity":"","overlay-gradient":""},"mobile":{"background-color":"var(--ast-global-color-5)","background-image":"","background-repeat":"repeat","background-position":"center center","background-size":"auto","background-attachment":"scroll","background-type":"","background-media":"","overlay-type":"","overlay-color":"","overlay-opacity":"","overlay-gradient":""}},"footnotes":""},"class_list":["post-1147","page","type-page","status-publish","hentry"],"_links":{"self":[{"href":"https:\/\/www.meikon.com.tr\/arcadia\/wp-json\/wp\/v2\/pages\/1147","targetHints":{"allow":["GET"]}}],"collection":[{"href":"https:\/\/www.meikon.com.tr\/arcadia\/wp-json\/wp\/v2\/pages"}],"about":[{"href":"https:\/\/www.meikon.com.tr\/arcadia\/wp-json\/wp\/v2\/types\/page"}],"author":[{"embeddable":true,"href":"https:\/\/www.meikon.com.tr\/arcadia\/wp-json\/wp\/v2\/users\/1"}],"replies":[{"embeddable":true,"href":"https:\/\/www.meikon.com.tr\/arcadia\/wp-json\/wp\/v2\/comments?post=1147"}],"version-history":[{"count":10,"href":"https:\/\/www.meikon.com.tr\/arcadia\/wp-json\/wp\/v2\/pages\/1147\/revisions"}],"predecessor-version":[{"id":1366,"href":"https:\/\/www.meikon.com.tr\/arcadia\/wp-json\/wp\/v2\/pages\/1147\/revisions\/1366"}],"wp:attachment":[{"href":"https:\/\/www.meikon.com.tr\/arcadia\/wp-json\/wp\/v2\/media?parent=1147"}],"curies":[{"name":"wp","href":"https:\/\/api.w.org\/{rel}","templated":true}]}}