{"id":1388,"date":"2026-04-07T12:32:28","date_gmt":"2026-04-07T09:32:28","guid":{"rendered":"https:\/\/www.meikon.com.tr\/arcadia\/?page_id=1388"},"modified":"2026-04-07T12:35:15","modified_gmt":"2026-04-07T09:35:15","slug":"blog","status":"publish","type":"page","link":"https:\/\/www.meikon.com.tr\/arcadia\/blog\/","title":{"rendered":"Blog"},"content":{"rendered":"\t\t<div data-elementor-type=\"wp-page\" data-elementor-id=\"1388\" class=\"elementor elementor-1388\">\n\t\t\t\t<div class=\"elementor-element elementor-element-18cf564e e-con-full e-flex e-con e-parent\" data-id=\"18cf564e\" data-element_type=\"container\" data-e-type=\"container\">\n\t\t<div class=\"elementor-element elementor-element-54d2d632 e-flex e-con-boxed e-con e-child\" data-id=\"54d2d632\" data-element_type=\"container\" data-e-type=\"container\" data-settings=\"{&quot;background_background&quot;:&quot;classic&quot;}\">\n\t\t\t\t\t<div class=\"e-con-inner\">\n\t\t\t\t<div class=\"elementor-element elementor-element-79dd62ed elementor-widget elementor-widget-heading\" data-id=\"79dd62ed\" data-element_type=\"widget\" data-e-type=\"widget\" data-widget_type=\"heading.default\">\n\t\t\t\t<div class=\"elementor-widget-container\">\n\t\t\t\t\t<h4 class=\"elementor-heading-title elementor-size-default\">T\u00fcm Yaz\u0131lar<\/h4>\t\t\t\t<\/div>\n\t\t\t\t<\/div>\n\t\t\t\t<div class=\"elementor-element elementor-element-331494e9 elementor-widget elementor-widget-heading\" data-id=\"331494e9\" data-element_type=\"widget\" data-e-type=\"widget\" data-widget_type=\"heading.default\">\n\t\t\t\t<div class=\"elementor-widget-container\">\n\t\t\t\t\t<h1 class=\"elementor-heading-title elementor-size-default\">Blog<\/h1>\t\t\t\t<\/div>\n\t\t\t\t<\/div>\n\t\t\t\t\t<\/div>\n\t\t\t\t<\/div>\n\t\t\t\t<\/div>\n\t\t<div class=\"elementor-element elementor-element-59e090c2 e-con-full e-flex e-con e-parent\" data-id=\"59e090c2\" data-element_type=\"container\" data-e-type=\"container\">\n\t\t\t\t<div class=\"elementor-element elementor-element-871182b elementor-widget elementor-widget-uael-posts\" data-id=\"871182b\" data-element_type=\"widget\" data-e-type=\"widget\" data-settings=\"{&quot;card_slides_to_show&quot;:3,&quot;card_slides_to_show_tablet&quot;:2,&quot;card_slides_to_show_mobile&quot;:1,&quot;card_show_filters&quot;:&quot;no&quot;}\" data-widget_type=\"uael-posts.card\">\n\t\t\t\t<div class=\"elementor-widget-container\">\n\t\t\t\t\t\t\t<div class=\"uael-post__header\">\n\t\t\t\t\t<\/div>\n\t\t<div class=\"uael-post__body\">\n\t\t\t\n\t\t\n\t\t<div class=\"uael-post-grid uael-posts\" data-query-type=\"custom\" data-structure=\"masonry\" data-layout=\"masonry\" data-page=\"1388\" data-skin=\"card\" data-filter-default=\"\" data-offset-top=\"30\" >\n\n\t\t\t\t\t\t\t<div class=\"uael-post-grid__inner uael-post__columns-3 uael-post__columns-tablet-2 uael-post__columns-mobile-1 uael-post-masonry\">\n\t\t\t\n<div class=\"uael-post-wrapper   blog \">\n\t<div class=\"uael-post__bg-wrap\">\n\n\t\t\t\t\n\t\t<div class=\"uael-post__inner-wrap \">\n\n\t\t\t\t<div class=\"uael-post__thumbnail\">\n\t\t\t\n\t\t\t<a href=\"https:\/\/www.meikon.com.tr\/arcadia\/en-iyi-autocad-alternatifi-arcadia-ile-kalici-lisans-ve-tam-dwg-uyumlulugu\/\" target=\"_self\" title=\"En \u0130yi AutoCAD Alternatifi: ArCADia ile Kal\u0131c\u0131 Lisans ve Tam DWG Uyumlulu\u011fu\"><img fetchpriority=\"high\" decoding=\"async\" width=\"1920\" height=\"1080\" src=\"https:\/\/www.meikon.com.tr\/arcadia\/wp-content\/uploads\/2026\/04\/en-iyi-autocad-alternatifi-arcadia-ile-kalici-lisans-ve-tam-dwg-uyumlulugu.jpg\" class=\"attachment-full size-full wp-image-1384\" alt=\"En \u0130yi AutoCAD Alternatifi: ArCADia ile Kal\u0131c\u0131 Lisans ve Tam DWG Uyumlulu\u011fu\" srcset=\"https:\/\/www.meikon.com.tr\/arcadia\/wp-content\/uploads\/2026\/04\/en-iyi-autocad-alternatifi-arcadia-ile-kalici-lisans-ve-tam-dwg-uyumlulugu.jpg 1920w, https:\/\/www.meikon.com.tr\/arcadia\/wp-content\/uploads\/2026\/04\/en-iyi-autocad-alternatifi-arcadia-ile-kalici-lisans-ve-tam-dwg-uyumlulugu-300x169.jpg 300w, https:\/\/www.meikon.com.tr\/arcadia\/wp-content\/uploads\/2026\/04\/en-iyi-autocad-alternatifi-arcadia-ile-kalici-lisans-ve-tam-dwg-uyumlulugu-1024x576.jpg 1024w, https:\/\/www.meikon.com.tr\/arcadia\/wp-content\/uploads\/2026\/04\/en-iyi-autocad-alternatifi-arcadia-ile-kalici-lisans-ve-tam-dwg-uyumlulugu-768x432.jpg 768w, https:\/\/www.meikon.com.tr\/arcadia\/wp-content\/uploads\/2026\/04\/en-iyi-autocad-alternatifi-arcadia-ile-kalici-lisans-ve-tam-dwg-uyumlulugu-1536x864.jpg 1536w\" sizes=\"(max-width: 1920px) 100vw, 1920px\" \/><\/a>\n\t\t\t\t\t<\/div>\n\t\t\n\t\t\t\n\t\t\t<div class=\"uael-post__content-wrap\">\n\n\t\t\t\t\t<h4 class=\"uael-post__title\">\n\n\t\t\n\t\t\t\t\t\t<a href=\"https:\/\/www.meikon.com.tr\/arcadia\/en-iyi-autocad-alternatifi-arcadia-ile-kalici-lisans-ve-tam-dwg-uyumlulugu\/\" target=\"_self\">\n\t\t\t\tEn \u0130yi AutoCAD Alternatifi: ArCADia ile Kal\u0131c\u0131 Lisans ve Tam DWG Uyumlulu\u011fu\t\t\t<\/a>\n\n\t\t\t\t<\/h4>\n\t\t\t\t\t<div class=\"uael-post__meta-data\">\n\t\t\t\t\t<span class=\"uael-post__date\">\n\t\t\t\t\t\t\t\t\t\t\t\t\t<svg aria-hidden=\"true\" class=\"e-font-icon-svg e-fa-calendar\" viewBox=\"0 0 448 512\" xmlns=\"http:\/\/www.w3.org\/2000\/svg\"><path d=\"M12 192h424c6.6 0 12 5.4 12 12v260c0 26.5-21.5 48-48 48H48c-26.5 0-48-21.5-48-48V204c0-6.6 5.4-12 12-12zm436-44v-36c0-26.5-21.5-48-48-48h-48V12c0-6.6-5.4-12-12-12h-40c-6.6 0-12 5.4-12 12v52H160V12c0-6.6-5.4-12-12-12h-40c-6.6 0-12 5.4-12 12v52H48C21.5 64 0 85.5 0 112v36c0 6.6 5.4 12 12 12h424c6.6 0 12-5.4 12-12z\"><\/path><\/svg>\t\t\t\t\t\t\t\t\t\n\t\t\t7 Nisan 2026\t\t<\/span>\n\t\t\t\t<\/div>\n\t\t<div class=\"uael-post__separator\"><\/div>\n\t\t<div class=\"uael-post__excerpt\">\n\t\t\tTasar\u0131m, mimari ve m\u00fchendislik d\u00fcnyas\u0131nda y\u0131llard\u0131r standartlar\u0131 belirleyen yaz\u0131l\u0131mlar\u0131n ba\u015f\u0131nda AutoCAD geliyor. Ancak son y\u0131llarda sekt\u00f6rdeki pek \u00e7ok profesyonel ve firma, her y\u0131l katlanarak artan ...\t\t<\/div>\n\n\t\t\t\t\t<a class=\"uael-post__read-more elementor-button\" href=\"https:\/\/www.meikon.com.tr\/arcadia\/en-iyi-autocad-alternatifi-arcadia-ile-kalici-lisans-ve-tam-dwg-uyumlulugu\/\" target=\"_self\" aria-labelledby=\"uael-post-1383\">\n\t\t\t\t\t<span class=\"elementor-button-content-wrapper\">\n\t\t\t\t\t\t\t\t\t\t\t\t\t\t<span class=\"elementor-button-icon elementor-align-icon-left\">\n\n\t\t\t\t\t\t\t\t\t\n\t\t\t\t\t\t\t\t<\/span>\n\t\t\t\t\t\t\t\t\t\t\t\t\t\n\t\t\t\t\t\t<span class=\"elementor-button-text\" id=uael-post-1383>Devam\u0131n\u0131 Oku \u2192<\/span>\n\t\t\t\t\t<\/span>\n\t\t\t\t<\/a>\n\t\t\t\t\t\t<\/div>\n\t\t\t\n\t\t<\/div>\n\t\t\n\t<\/div>\n\n<\/div>\n\t\t\t\t<\/div>\n\t\t\t\t\t\t\n\t\t<\/div>\n\n\t\t\t\t\t\t<\/div>\n\t\t<div class=\"uael-post__footer\">\n\t\t\t\t\t<\/div>\n\t\t\t\t\t\t<\/div>\n\t\t\t\t<\/div>\n\t\t\t\t<\/div>\n\t\t\t\t<\/div>\n\t\t","protected":false},"excerpt":{"rendered":"<p>T\u00fcm Yaz\u0131lar Blog En \u0130yi AutoCAD Alternatifi: ArCADia ile Kal\u0131c\u0131 Lisans ve Tam DWG Uyumlulu\u011fu 7 Nisan 2026 Tasar\u0131m, mimari ve m\u00fchendislik d\u00fcnyas\u0131nda y\u0131llard\u0131r standartlar\u0131 belirleyen yaz\u0131l\u0131mlar\u0131n ba\u015f\u0131nda AutoCAD geliyor. Ancak son y\u0131llarda sekt\u00f6rdeki pek \u00e7ok profesyonel ve firma, her y\u0131l katlanarak artan &#8230; Devam\u0131n\u0131 Oku \u2192<\/p>\n","protected":false},"author":1,"featured_media":0,"parent":0,"menu_order":0,"comment_status":"closed","ping_status":"closed","template":"","meta":{"site-sidebar-layout":"no-sidebar","site-content-layout":"page-builder","ast-site-content-layout":"full-width-container","site-content-style":"default","site-sidebar-style":"default","ast-global-header-display":"","ast-banner-title-visibility":"","ast-main-header-display":"","ast-hfb-above-header-display":"","ast-hfb-below-header-display":"","ast-hfb-mobile-header-display":"","site-post-title":"disabled","ast-breadcrumbs-content":"","ast-featured-img":"disabled","footer-sml-layout":"","ast-disable-related-posts":"","theme-transparent-header-meta":"default","adv-header-id-meta":"","stick-header-meta":"default","header-above-stick-meta":"","header-main-stick-meta":"","header-below-stick-meta":"","astra-migrate-meta-layouts":"set","ast-page-background-enabled":"default","ast-page-background-meta":{"desktop":{"background-color":"var(--ast-global-color-4)","background-image":"","background-repeat":"repeat","background-position":"center center","background-size":"auto","background-attachment":"scroll","background-type":"","background-media":"","overlay-type":"","overlay-color":"","overlay-opacity":"","overlay-gradient":""},"tablet":{"background-color":"","background-image":"","background-repeat":"repeat","background-position":"center center","background-size":"auto","background-attachment":"scroll","background-type":"","background-media":"","overlay-type":"","overlay-color":"","overlay-opacity":"","overlay-gradient":""},"mobile":{"background-color":"","background-image":"","background-repeat":"repeat","background-position":"center center","background-size":"auto","background-attachment":"scroll","background-type":"","background-media":"","overlay-type":"","overlay-color":"","overlay-opacity":"","overlay-gradient":""}},"ast-content-background-meta":{"desktop":{"background-color":"var(--ast-global-color-5)","background-image":"","background-repeat":"repeat","background-position":"center center","background-size":"auto","background-attachment":"scroll","background-type":"","background-media":"","overlay-type":"","overlay-color":"","overlay-opacity":"","overlay-gradient":""},"tablet":{"background-color":"var(--ast-global-color-5)","background-image":"","background-repeat":"repeat","background-position":"center center","background-size":"auto","background-attachment":"scroll","background-type":"","background-media":"","overlay-type":"","overlay-color":"","overlay-opacity":"","overlay-gradient":""},"mobile":{"background-color":"var(--ast-global-color-5)","background-image":"","background-repeat":"repeat","background-position":"center center","background-size":"auto","background-attachment":"scroll","background-type":"","background-media":"","overlay-type":"","overlay-color":"","overlay-opacity":"","overlay-gradient":""}},"footnotes":""},"class_list":["post-1388","page","type-page","status-publish","hentry"],"_links":{"self":[{"href":"https:\/\/www.meikon.com.tr\/arcadia\/wp-json\/wp\/v2\/pages\/1388","targetHints":{"allow":["GET"]}}],"collection":[{"href":"https:\/\/www.meikon.com.tr\/arcadia\/wp-json\/wp\/v2\/pages"}],"about":[{"href":"https:\/\/www.meikon.com.tr\/arcadia\/wp-json\/wp\/v2\/types\/page"}],"author":[{"embeddable":true,"href":"https:\/\/www.meikon.com.tr\/arcadia\/wp-json\/wp\/v2\/users\/1"}],"replies":[{"embeddable":true,"href":"https:\/\/www.meikon.com.tr\/arcadia\/wp-json\/wp\/v2\/comments?post=1388"}],"version-history":[{"count":5,"href":"https:\/\/www.meikon.com.tr\/arcadia\/wp-json\/wp\/v2\/pages\/1388\/revisions"}],"predecessor-version":[{"id":1394,"href":"https:\/\/www.meikon.com.tr\/arcadia\/wp-json\/wp\/v2\/pages\/1388\/revisions\/1394"}],"wp:attachment":[{"href":"https:\/\/www.meikon.com.tr\/arcadia\/wp-json\/wp\/v2\/media?parent=1388"}],"curies":[{"name":"wp","href":"https:\/\/api.w.org\/{rel}","templated":true}]}}